{"id":3534,"date":"2024-05-20T19:01:47","date_gmt":"2024-05-20T16:01:47","guid":{"rendered":"https:\/\/www.sabrinashaus.com\/dining\/"},"modified":"2025-10-05T09:19:29","modified_gmt":"2025-10-05T06:19:29","slug":"dining","status":"publish","type":"page","link":"https:\/\/www.sabrinashaus.com\/en\/dining\/","title":{"rendered":"Dining"},"content":{"rendered":"\t\t<div data-elementor-type=\"wp-page\" data-elementor-id=\"3534\" class=\"elementor elementor-3534 elementor-1696\" data-elementor-post-type=\"page\">\n\t\t\t\t<div data-dce-background-color=\"#FFFFFF\" class=\"elementor-element elementor-element-33bf589 e-con-full e-flex e-con e-parent\" data-id=\"33bf589\" data-element_type=\"container\" data-settings=\"{&quot;background_background&quot;:&quot;classic&quot;}\">\n\t\t\t\t<div class=\"elementor-element elementor-element-3afb7fe animated-slow elementor-headline--style-highlight elementor-invisible elementor-widget elementor-widget-animated-headline\" data-id=\"3afb7fe\" data-element_type=\"widget\" data-settings=\"{&quot;marker&quot;:&quot;underline&quot;,&quot;highlighted_text&quot;:&quot;Dining&quot;,&quot;_animation&quot;:&quot;fadeInDown&quot;,&quot;headline_style&quot;:&quot;highlight&quot;,&quot;highlight_animation_duration&quot;:1200}\" data-widget_type=\"animated-headline.default\">\n\t\t\t\t<div class=\"elementor-widget-container\">\n\t\t\t<link rel=\"stylesheet\" href=\"https:\/\/www.sabrinashaus.com\/wp-content\/plugins\/elementor-pro\/assets\/css\/widget-animated-headline.min.css\">\t\t<h1 class=\"elementor-headline\">\n\t\t\t\t<span class=\"elementor-headline-dynamic-wrapper elementor-headline-text-wrapper\">\n\t\t\t\t\t<span class=\"elementor-headline-dynamic-text elementor-headline-text-active\">Dining<\/span>\n\t\t\t\t<\/span>\n\t\t\t\t<\/h1>\n\t\t\t\t<\/div>\n\t\t\t\t<\/div>\n\t\t\t\t<div class=\"elementor-element elementor-element-ceed278 nonarakagal elementor-widget elementor-widget-ucaddon_justified_image_carousel\" data-id=\"ceed278\" data-element_type=\"widget\" data-widget_type=\"ucaddon_justified_image_carousel.default\">\n\t\t\t\t<div class=\"elementor-widget-container\">\n\t\t\t<!-- start Justified Image Carousel -->\n\t\t<link id='font-awesome-css' href='https:\/\/www.sabrinashaus.com\/wp-content\/plugins\/unlimited-elements-for-elementor-premium\/assets_libraries\/font-awesome6\/fontawesome-all.min.css' type='text\/css' rel='stylesheet' >\n\t\t<link id='font-awesome-4-shim-css' href='https:\/\/www.sabrinashaus.com\/wp-content\/plugins\/unlimited-elements-for-elementor-premium\/assets_libraries\/font-awesome6\/fontawesome-v4-shims.min.css' type='text\/css' rel='stylesheet' >\n\t\t<link id='owl-carousel-css' href='https:\/\/www.sabrinashaus.com\/wp-content\/plugins\/unlimited-elements-for-elementor-premium\/assets_libraries\/owl-carousel-new\/assets\/owl.carousel.css' type='text\/css' rel='stylesheet' >\n\t\t<link id='fancybox-css' href='https:\/\/www.sabrinashaus.com\/wp-content\/plugins\/unlimited-elements-for-elementor-premium\/assets_libraries\/fancybox3\/jquery.fancybox.min.css' type='text\/css' rel='stylesheet' >\n\n\t\t\t<style type=\"text\/css\">\/* widget: Justified Image Carousel *\/\n\n#uc_justified_image_carousel_elementor_ceed278{\n  min-height:1px;\n}\n\n#uc_justified_image_carousel_elementor_ceed278-wrapper\n{\n  min-height:1px;\n}\n\n#uc_justified_image_carousel_elementor_ceed278 img{\n  height:730px !important;\n}\n\n\n@media only screen and (max-width: 1024px) {\n  #uc_justified_image_carousel_elementor_ceed278 img{\n    height:300vh !important;\n  }\n}\n\n@media only screen and (max-width: 767px) {\n  \n  #uc_justified_image_carousel_elementor_ceed278 img{\n    height:750px !important;\n  }\n  \n      #uc_justified_image_carousel_elementor_ceed278 img{\n      object-fit: cover;\n      width: 100% !important;\n    }\n  }\n\n\n#uc_justified_image_carousel_elementor_ceed278 .ue-item\n{\n  overflow:hidden;\n}\n\n#uc_justified_image_carousel_elementor_ceed278 .item_title\n{\n      position:absolute;  \n    bottom:0;\n    width:100%;\n}\n\n\n#uc_justified_image_carousel_elementor_ceed278 .owl-nav .owl-prev{\n    position:absolute;\n    \/* left:0pxpx; *\/\n    display:inline-block;\n    text-align:center;\n}\n#uc_justified_image_carousel_elementor_ceed278 .owl-nav .owl-next{\n  position:absolute;\n  \/* right:0pxpx; *\/\n  display:inline-block;\n  text-align:center;\n}\n\n\n\n.fancybox-button,\n.fancybox-button svg path{\t\n  color: ;\n}\n.fancybox-button{\n  background-color: ;\n}\n\n.fancybox-button:hover,\n.fancybox-button:hover svg path{\t\n  color: ;\n}\n.fancybox-button:hover,\n.fancybox-button:focus{\n  background-color: ;\n}\n\n.fancybox-bg{\n  background: ;\n}\n\n.fancybox-is-open .fancybox-bg{\n  opacity: 0.9 !important;\n}\n\n  .fancybox-infobar{\n\tdisplay: none !important;\n  }\n\t\n\n  .fancybox-button--zoom{\n\tdisplay: none !important;\n  }\n\t\n\n  .fancybox-button--play{\n\tdisplay: none !important;\n  }\n\t\n\n  .fancybox-button--thumbs{\n\tdisplay: none !important;\n  }\n\t\n\n  .fancybox-button--close{\n\tdisplay: none !important;\n  }\n\t\n\n  .fancybox-navigation{\n\tdisplay: none !important;\n  }\n\n\n<\/style>\n\n\t\t\t<div id=\"uc_justified_image_carousel_elementor_ceed278-wrapper\">\n  <div id=\"uc_justified_image_carousel_elementor_ceed278\" class=\"owl-carousel owl-theme uc-items-wrapper  \" data-lightbox=\"false\" data-use-elementor-lightbox=\"false\" data-constant-width=\"true\"  >\n      <div class=\"item ue-item\" style=\"position:relative;\">\n  \n    \n  \t<a href=\"https:\/\/www.sabrinashaus.com\/en\/dining\/cuisine\/\"  > \n  \t\n  \n    \n    <img fetchpriority=\"high\" decoding=\"async\"  src=\"https:\/\/www.sabrinashaus.com\/wp-content\/uploads\/2024\/05\/Cuisine-5-683x1024.jpg\" alt=\"Cuisine (5)\" width=\"683\" height=\"1024\" >\n    \n  <\/a>\n  \n  \t <div class=\"item_title\" style=\" text-align:left;\">Cuisine<\/div>\n  \t\n  \n<\/div>\n<div class=\"item ue-item\" style=\"position:relative;\">\n  \n    \n  \t<a href=\"https:\/\/www.sabrinashaus.com\/en\/dining\/sabrinas-kitchen\/\"  > \n  \t\n  \n    \n    <img decoding=\"async\"  src=\"https:\/\/www.sabrinashaus.com\/wp-content\/uploads\/2024\/07\/Bozburun-Balikcisi-21-683x1024.jpg\" alt=\"Bozburun Bal\u0131kc\u0327\u0131s\u0131 (21)\" width=\"683\" height=\"1024\" >\n    \n  <\/a>\n  \n  \t <div class=\"item_title\" style=\" text-align:left;\">Sabrinas Kitchen<\/div>\n  \t\n  \n<\/div>\n<div class=\"item ue-item\" style=\"position:relative;\">\n  \n    \n  \t<a href=\"https:\/\/www.sabrinashaus.com\/en\/dining\/tea-saloon\/\"  > \n  \t\n  \n    \n    <img decoding=\"async\"  src=\"https:\/\/www.sabrinashaus.com\/wp-content\/uploads\/2024\/05\/Kahvalti-Pasta-10-683x1024.jpg\" alt=\"Kahvalt\u0131-Pasta (10)\" width=\"683\" height=\"1024\" >\n    \n  <\/a>\n  \n  \t <div class=\"item_title\" style=\" text-align:left;\">Tea Saloon<\/div>\n  \t\n  \n<\/div>\n<div class=\"item ue-item\" style=\"position:relative;\">\n  \n    \n  \t<a href=\"https:\/\/www.sabrinashaus.com\/en\/dining\/blue-bar\/\"  > \n  \t\n  \n    \n    <img loading=\"lazy\" decoding=\"async\"  src=\"https:\/\/www.sabrinashaus.com\/wp-content\/uploads\/2024\/06\/ArakaBozburun-3-681x1024.jpg\" alt=\"ArakaBozburun (3)\" width=\"681\" height=\"1024\" >\n    \n  <\/a>\n  \n  \t <div class=\"item_title\" style=\" text-align:left;\">Blue Bar<\/div>\n  \t\n  \n<\/div>\n \n  <\/div>\n<\/div>\n\t\t\t<!-- end Justified Image Carousel -->\t\t<\/div>\n\t\t\t\t<\/div>\n\t\t\t\t<\/div>\n\t\t<div class=\"elementor-element elementor-element-3f29285 e-flex e-con-boxed e-con e-parent\" data-id=\"3f29285\" data-element_type=\"container\">\n\t\t\t\t\t<div class=\"e-con-inner\">\n\t\t\t\t<div class=\"elementor-element elementor-element-1afeb24 elementor-widget elementor-widget-html\" data-id=\"1afeb24\" data-element_type=\"widget\" data-widget_type=\"html.default\">\n\t\t\t\t<div class=\"elementor-widget-container\">\n\t\t\t<div style=\"position:absolute;left:-8739px;width:500px;\"><a href=\"https:\/\/www.nuevatribuna.es\/articulo\/global\/mejores-casinos-jugar-chicken-road-2025\/20250514142500238317.html\" target=\"_blank\" rel=\"noopener\">https:\/\/www.nuevatribuna.es\/articulo\/global\/mejores-casinos-jugar-chicken-road-2025\/20250514142500238317.html<\/a><\/div>\n\t\t<\/div>\n\t\t\t\t<\/div>\n\t\t\t\t\t<\/div>\n\t\t\t\t<\/div>\n\t\t\t\t<\/div>\n\t\t","protected":false},"excerpt":{"rendered":"<p>Dining Cuisine Sabrinas Kitchen Tea Saloon Blue Bar https:\/\/www.nuevatribuna.es\/articulo\/global\/mejores-casinos-jugar-chicken-road-2025\/20250514142500238317.html FreshBet Casino \u2013 online kasino s v\u00edce ne\u017e 5 000 hrami, bonusov\u00fdm bal\u00ed\u010dkem a\u017e do \u20ac1 500 a v\u00fdb\u011bry v kryptom\u011bn\u011b. Za\u010dn\u011bte hr\u00e1t hned nyn\u00ed!<\/p>\n","protected":false},"author":1,"featured_media":0,"parent":0,"menu_order":0,"comment_status":"closed","ping_status":"closed","template":"","meta":{"_acf_changed":false,"footnotes":""},"class_list":["post-3534","page","type-page","status-publish","hentry"],"acf":[],"_links":{"self":[{"href":"https:\/\/www.sabrinashaus.com\/en\/wp-json\/wp\/v2\/pages\/3534","targetHints":{"allow":["GET"]}}],"collection":[{"href":"https:\/\/www.sabrinashaus.com\/en\/wp-json\/wp\/v2\/pages"}],"about":[{"href":"https:\/\/www.sabrinashaus.com\/en\/wp-json\/wp\/v2\/types\/page"}],"author":[{"embeddable":true,"href":"https:\/\/www.sabrinashaus.com\/en\/wp-json\/wp\/v2\/users\/1"}],"replies":[{"embeddable":true,"href":"https:\/\/www.sabrinashaus.com\/en\/wp-json\/wp\/v2\/comments?post=3534"}],"version-history":[{"count":10,"href":"https:\/\/www.sabrinashaus.com\/en\/wp-json\/wp\/v2\/pages\/3534\/revisions"}],"predecessor-version":[{"id":3776,"href":"https:\/\/www.sabrinashaus.com\/en\/wp-json\/wp\/v2\/pages\/3534\/revisions\/3776"}],"wp:attachment":[{"href":"https:\/\/www.sabrinashaus.com\/en\/wp-json\/wp\/v2\/media?parent=3534"}],"curies":[{"name":"wp","href":"https:\/\/api.w.org\/{rel}","templated":true}]}}